{"id":252,"date":"2025-10-01T12:45:20","date_gmt":"2025-10-01T12:45:20","guid":{"rendered":"https:\/\/notreatoutcestmenou.fr\/?page_id=252"},"modified":"2026-03-20T14:06:01","modified_gmt":"2026-03-20T14:06:01","slug":"en-route-pour-les-elections-municipales-du-15-et-22-mars-2026","status":"publish","type":"page","link":"https:\/\/notreatoutcestmenou.fr\/","title":{"rendered":"Le Collectif Citoyen &#8211; Notre Atout C&rsquo;est Menou"},"content":{"rendered":"\n<!-- ==========================================\n     HACK OPEN GRAPH (Tentative de for\u00e7age dans le body)\n     Facebook scanne parfois le HTML brut, on force les balises ici.\n=========================================== -->\n<meta property=\"og:title\" content=\"Bient\u00f4t une association...\" \/>\n<meta property=\"og:description\" content=\"D\u00e9couvrez notre projet commun pour construire le Menou de demain.\" \/>\n<meta property=\"og:image\" content=\"http:\/\/notreatoutcestmenou.fr\/wp-content\/uploads\/2025\/09\/Nouveau-logo-3.png\" \/>\n<meta property=\"og:image:secure_url\" content=\"http:\/\/notreatoutcestmenou.fr\/wp-content\/uploads\/2025\/09\/Nouveau-logo-3.png\" \/>\n<meta property=\"og:image:width\" content=\"1200\" \/>\n<meta property=\"og:image:height\" content=\"630\" \/>\n<meta property=\"og:type\" content=\"website\" \/>\n\n<!-- D\u00e9pendances initiales pour le bloc NACM Accueil -->\n<link rel=\"preconnect\" href=\"https:\/\/fonts.googleapis.com\">\n<link rel=\"preconnect\" href=\"https:\/\/fonts.gstatic.com\" crossorigin>\n<link href=\"https:\/\/fonts.googleapis.com\/css2?family=Montserrat:wght@400;600;700;800&#038;display=swap\" rel=\"stylesheet\">\n<script src=\"https:\/\/cdn.tailwindcss.com\"><\/script>\n\n<!-- D\u00e9pendance pour le carrousel (Swiper.js) -->\n<link rel=\"stylesheet\" href=\"https:\/\/unpkg.com\/swiper\/swiper-bundle.min.css\" \/>\n<script src=\"https:\/\/unpkg.com\/swiper\/swiper-bundle.min.js\"><\/script>\n\n<!-- D\u00e9pendance pour les animations (AOS - Animate On Scroll) -->\n<link rel=\"stylesheet\" href=\"https:\/\/unpkg.com\/aos@next\/dist\/aos.css\" \/>\n<script src=\"https:\/\/unpkg.com\/aos@next\/dist\/aos.js\"><\/script>\n\n<!-- Styles encapsul\u00e9s pour \u00e9viter les conflits -->\n<style>\n  .nacm-accueil-section {\n    font-family: 'Montserrat', sans-serif;\n    --nacm-bleu-profond: #0c6aa7;\n    --nacm-bleu-ciel: #209dd7;\n    --nacm-vert-vif: #81be35;\n    --nacm-orange-sable: #f4a261;\n    --nacm-jaune-ocre: #dfad05;\n    --nacm-gris-texte: #4b5563;\n  }\n  .nacm-accueil-section .nacm-bouton-primaire {\n    background-color: var(--nacm-bleu-profond);\n    color: white;\n    transition: background-color 0.3s ease, transform 0.2s ease;\n  }\n  .nacm-accueil-section .nacm-bouton-primaire:hover {\n    background-color: var(--nacm-bleu-ciel);\n    transform: translateY(-2px);\n  }\n  .nacm-accueil-section .nacm-bouton-secondaire {\n    background-color: white;\n    color: var(--nacm-bleu-profond);\n    transition: background-color 0.3s ease, transform 0.2s ease;\n  }\n  .nacm-accueil-section .nacm-bouton-secondaire:hover {\n    background-color: #f0f0f0;\n    transform: translateY(-2px);\n  }\n  \/* Styles pour le carrousel de t\u00e9moignages *\/\n  .nacm-accueil-section .nacm-testimonial-slider {\n    position: relative;\n    padding: 0 40px;\n  }\n  .nacm-accueil-section .swiper-slide {\n    height: auto;\n  }\n  .nacm-accueil-section .swiper-button-next::after,\n  .nacm-accueil-section .swiper-button-prev::after {\n    font-size: 2rem !important;\n  }\n  .nacm-accueil-section .swiper-button-next,\n  .nacm-accueil-section .swiper-button-prev {\n      color: white;\n      opacity: 0.7;\n      transition: opacity 0.3s;\n  }\n  .nacm-accueil-section .swiper-button-next:hover,\n  .nacm-accueil-section .swiper-button-prev:hover {\n      opacity: 1;\n  }\n  .nacm-accueil-section .swiper-pagination-bullet-active {\n      background: white !important;\n  }\n<\/style>\n\n<div class=\"nacm-accueil-section\">\n  <!-- Section H\u00e9ros -->\n  <div class=\"relative bg-white\">\n    <div class=\"max-w-7xl mx-auto\">\n      <div class=\"relative z-10 pb-8 bg-white sm:pb-16 md:pb-20 lg:max-w-2xl lg:w-full lg:pb-28 xl:pb-32\">\n        <svg class=\"hidden lg:block absolute right-0 inset-y-0 h-full w-48 text-white transform translate-x-1\/2\" fill=\"currentColor\" viewBox=\"0 0 100 100\" preserveAspectRatio=\"none\" aria-hidden=\"true\">\n          <polygon points=\"50,0 100,0 50,100 0,100\" \/>\n        <\/svg>\n        \n        <main class=\"mt-10 mx-auto max-w-7xl px-4 sm:mt-12 sm:px-6 md:mt-16 lg:mt-20 lg:px-8 xl:mt-28\">\n          <div class=\"sm:text-center lg:text-left\">\n            <h1 class=\"text-4xl tracking-tight font-extrabold text-gray-900 sm:text-5xl md:text-6xl\" data-aos=\"fade-right\">\n              <span class=\"block\" style=\"color: var(--nacm-bleu-profond);\">Notre Atout C&rsquo;est Menou !<\/span>\n              <span class=\"block text-indigo-600\" style=\"color: var(--nacm-bleu-ciel);\">Le Collectif Citoyen<\/span>\n            <\/h1>\n            <p class=\"mt-3 text-base sm:mt-5 sm:text-lg sm:max-w-xl sm:mx-auto md:mt-5 md:text-xl lg:mx-0\" style=\"color: var(--nacm-gris-texte);\" data-aos=\"fade-right\" data-aos-delay=\"200\">\n              Des citoyens comme vous, engag\u00e9s pour Menou, se r\u00e9unissent pour pr\u00e9parer l&rsquo;avenir de notre ville avec une conviction :  Il se construira avec tous ceux qui y vivent.\n            <\/p>\n            \n            <div class=\"mt-5 sm:mt-8 flex flex-col sm:flex-row sm:justify-center lg:justify-start gap-3\" data-aos=\"fade-up\" data-aos-delay=\"400\">\n              <div class=\"rounded-md shadow\">\n                <a href=\"https:\/\/notreatoutcestmenou.fr\/?page_id=304\" class=\"w-full flex items-center justify-center px-8 py-3 border border-transparent text-base font-medium rounded-md nacm-bouton-primaire\">\n                  R\u00e9gis PIOT\n                <\/a>\n              <\/div>\n              <div class=\"rounded-md shadow\">\n                <a href=\"https:\/\/notreatoutcestmenou.fr\/?page_id=413\" class=\"w-full flex items-center justify-center px-8 py-3 border border-transparent text-base font-medium rounded-md nacm-bouton-primaire\">\n                  L&rsquo;\u00e9quipe municipale\n                <\/a>\n              <\/div>\n              <div class=\"rounded-md shadow\">\n                <a href=\"https:\/\/notreatoutcestmenou.fr\/?page_id=631\" class=\"w-full flex items-center justify-center px-8 py-3 border border-transparent text-base font-medium rounded-md nacm-bouton-primaire\">\n                  Le Programme\n                <\/a>\n              <\/div>\n            <\/div>\n          <\/div>\n        <\/main>\n      <\/div>\n    <\/div>\n\n    <div class=\"lg:absolute lg:inset-y-0 lg:right-0 lg:w-1\/2 flex items-center justify-center p-8\" data-aos=\"fade-left\">\n      <!-- FORCE HTTPS + Chargement prioritaire pour contourner les blocages IAB -->\n      <img decoding=\"async\" class=\"max-w-xs sm:max-w-sm md:max-w-md lg:max-w-lg\" src=\"http:\/\/notreatoutcestmenou.fr\/wp-content\/uploads\/2025\/09\/Nouveau-logo-3.png\" alt=\"Portrait de R\u00e9gis PIOT\" loading=\"eager\" fetchpriority=\"high\">\n    <\/div>\n  <\/div>\n\n  <!-- Section Nos Piliers -->\n  <div class=\"py-16 bg-gray-50 sm:py-24\">\n    <div class=\"max-w-7xl mx-auto px-4 sm:px-6 lg:px-8\">\n      <div class=\"text-center\" data-aos=\"fade-down\">\n        <h2 class=\"text-3xl font-extrabold sm:text-4xl\" style=\"color: var(--nacm-bleu-profond);\">8 piliers pour notre projet commun<\/h2>\n        <p class=\"mt-4 text-lg\" style=\"color: var(--nacm-gris-texte);\">Des axes de travail clairs, n\u00e9s de nos \u00e9changes, pour construire le Menou de demain.<\/p>\n      <\/div>\n      <div class=\"mt-12 grid gap-8 grid-cols-1 sm:grid-cols-2 lg:grid-cols-4\">\n        <!-- Toutes les images forc\u00e9es en HTTPS -->\n        <div class=\"bg-white p-6 rounded-xl shadow-md text-center transform hover:-translate-y-1 transition-transform border-t-4\" style=\"border-color: var(--nacm-vert-vif);\" data-aos=\"fade-up\" data-aos-delay=\"100\">\n          <img decoding=\"async\" src=\"https:\/\/notreatoutcestmenou.fr\/wp-content\/uploads\/2025\/09\/LOGO-Accroitre-notre-bien-etre-1.png\" alt=\"Bien-\u00eatre\" class=\"mx-auto h-16 w-16\" loading=\"lazy\">\n          <h3 class=\"mt-4 text-lg font-bold\" style=\"color: var(--nacm-bleu-profond);\">Accro\u00eetre notre bien-\u00eatre<\/h3>\n          <p class=\"mt-1 text-sm\" style=\"color: var(--nacm-gris-texte);\">et la qualit\u00e9 de notre cadre de vie.<\/p>\n        <\/div>\n        <div class=\"bg-white p-6 rounded-xl shadow-md text-center transform hover:-translate-y-1 transition-transform border-t-4\" style=\"border-color: var(--nacm-bleu-profond);\" data-aos=\"fade-up\" data-aos-delay=\"200\">\n          <img decoding=\"async\" src=\"https:\/\/notreatoutcestmenou.fr\/wp-content\/uploads\/2025\/09\/LOGO-Renforcer-le-lien-associatif-1.png\" alt=\"Lien associatif\" class=\"mx-auto h-16 w-16\" loading=\"lazy\">\n          <h3 class=\"mt-4 text-lg font-bold\" style=\"color: var(--nacm-bleu-profond);\">Renforcer le lien associatif<\/h3>\n          <p class=\"mt-1 text-sm\" style=\"color: var(--nacm-gris-texte);\">v\u00e9ritable c\u0153ur battant de la ville.<\/p>\n        <\/div>\n        <div class=\"bg-white p-6 rounded-xl shadow-md text-center transform hover:-translate-y-1 transition-transform border-t-4\" style=\"border-color: var(--nacm-orange-sable);\" data-aos=\"fade-up\" data-aos-delay=\"300\">\n            <img decoding=\"async\" src=\"https:\/\/notreatoutcestmenou.fr\/wp-content\/uploads\/2025\/09\/LOGO-Agir-ensemble-pour-les-solidarites-1.png\" alt=\"Solidarit\u00e9s\" class=\"mx-auto h-16 w-16\" loading=\"lazy\">\n            <h3 class=\"mt-4 text-lg font-bold\" style=\"color: var(--nacm-bleu-profond);\">Agir pour les solidarit\u00e9s<\/h3>\n            <p class=\"mt-1 text-sm\" style=\"color: var(--nacm-gris-texte);\">et renforcer le lien social.<\/p>\n        <\/div>\n        <div class=\"bg-white p-6 rounded-xl shadow-md text-center transform hover:-translate-y-1 transition-transform border-t-4\" style=\"border-color: var(--nacm-jaune-ocre);\" data-aos=\"fade-up\" data-aos-delay=\"400\">\n            <img decoding=\"async\" src=\"https:\/\/notreatoutcestmenou.fr\/wp-content\/uploads\/2025\/09\/LOGO-Ameliorer-notre-habitat-1.png\" alt=\"Habitat\" class=\"mx-auto h-16 w-16\" loading=\"lazy\">\n            <h3 class=\"mt-4 text-lg font-bold\" style=\"color: var(--nacm-bleu-profond);\">Am\u00e9liorer notre habitat<\/h3>\n            <p class=\"mt-1 text-sm\" style=\"color: var(--nacm-gris-texte);\">pour bien vivre \u00e0 Menou.<\/p>\n        <\/div>\n        <div class=\"bg-white p-6 rounded-xl shadow-md text-center transform hover:-translate-y-1 transition-transform border-t-4\" style=\"border-color: var(--nacm-vert-vif);\" data-aos=\"fade-up\" data-aos-delay=\"100\">\n            <img decoding=\"async\" src=\"https:\/\/notreatoutcestmenou.fr\/wp-content\/uploads\/2025\/09\/LOGO-Stimuler-notre-economie-locale.png\" alt=\"\u00c9conomie\" class=\"mx-auto h-16 w-16\" loading=\"lazy\">\n            <h3 class=\"mt-4 text-lg font-bold\" style=\"color: var(--nacm-bleu-profond);\">Stimuler l&rsquo;\u00e9conomie locale<\/h3>\n            <p class=\"mt-1 text-sm\" style=\"color: var(--nacm-gris-texte);\">pour un territoire dynamique.<\/p>\n        <\/div>\n        <div class=\"bg-white p-6 rounded-xl shadow-md text-center transform hover:-translate-y-1 transition-transform border-t-4\" style=\"border-color: var(--nacm-bleu-profond);\" data-aos=\"fade-up\" data-aos-delay=\"200\">\n            <img decoding=\"async\" src=\"https:\/\/notreatoutcestmenou.fr\/wp-content\/uploads\/2025\/09\/LOGO-Dynamiser-notre-tourisme-1.png\" alt=\"Tourisme\" class=\"mx-auto h-16 w-16\" loading=\"lazy\">\n            <h3 class=\"mt-4 text-lg font-bold\" style=\"color: var(--nacm-bleu-profond);\">Dynamiser notre tourisme<\/h3>\n            <p class=\"mt-1 text-sm\" style=\"color: var(--nacm-gris-texte);\">en valorisant notre patrimoine.<\/p>\n        <\/div>\n        <div class=\"bg-white p-6 rounded-xl shadow-md text-center transform hover:-translate-y-1 transition-transform border-t-4\" style=\"border-color: var(--nacm-orange-sable);\" data-aos=\"fade-up\" data-aos-delay=\"300\">\n            <img decoding=\"async\" src=\"https:\/\/notreatoutcestmenou.fr\/wp-content\/uploads\/2025\/09\/LOGO-Developper-nos-mobilites-1.png\" alt=\"Mobilit\u00e9s\" class=\"mx-auto h-16 w-16\" loading=\"lazy\">\n            <h3 class=\"mt-4 text-lg font-bold\" style=\"color: var(--nacm-bleu-profond);\">D\u00e9velopper nos mobilit\u00e9s<\/h3>\n            <p class=\"mt-1 text-sm\" style=\"color: var(--nacm-gris-texte);\">pour une ville mieux connect\u00e9e.<\/p>\n        <\/div>\n        <div class=\"bg-white p-6 rounded-xl shadow-md text-center transform hover:-translate-y-1 transition-transform border-t-4\" style=\"border-color: var(--nacm-jaune-ocre);\" data-aos=\"fade-up\" data-aos-delay=\"400\">\n            <img decoding=\"async\" src=\"https:\/\/notreatoutcestmenou.fr\/wp-content\/uploads\/2025\/09\/LOGO-Communiquer-plus-efficacement-1.png\" alt=\"Communication\" class=\"mx-auto h-16 w-16\" loading=\"lazy\">\n            <h3 class=\"mt-4 text-lg font-bold\" style=\"color: var(--nacm-bleu-profond);\">Partager notre projet<\/h3>\n            <p class=\"mt-1 text-sm\" style=\"color: var(--nacm-gris-texte);\">avec une \u00e9coute active.<\/p>\n        <\/div>\n      <\/div>\n    <\/div>\n  <\/div>\n  \n  <!-- Section Nos R\u00e9unions de Travail -->\n  <div class=\"py-16 bg-white sm:py-24\">\n    <div class=\"max-w-7xl mx-auto px-4 sm:px-6 lg:px-8\">\n      <div class=\"text-center\" data-aos=\"fade-down\">\n        <h2 class=\"text-3xl font-extrabold sm:text-4xl\" style=\"color: var(--nacm-bleu-profond);\">Nos r\u00e9unions de travail<\/h2>\n        <div class=\"max-w-3xl mx-auto\">\n          <p class=\"mt-4 text-lg\" style=\"color: var(--nacm-gris-texte);\">Nous ne venons pas avec des promesses toutes faites, mais avec une m\u00e9thode : la <strong>proximit\u00e9<\/strong>, l&rsquo;<strong>\u00e9coute<\/strong> et la <strong>transparence<\/strong>.<\/p>\n          <p class=\"mt-2 text-lg\" style=\"color: var(--nacm-gris-texte);\">Nous croyons en l&rsquo;intelligence collective, \u00e0 la force de l&rsquo;<strong>esprit argonnais<\/strong>, cet esprit de solidarit\u00e9 qui fait notre territoire. Notre d\u00e9marche est fondamentalement <strong>participative<\/strong> : nous voulons prendre en compte <strong>votre avis<\/strong> et vous donner le pouvoir de d\u00e9cider.<\/p>\n        <\/div>\n      <\/div>\n      <div class=\"mt-12 grid gap-8 grid-cols-1 md:grid-cols-2 lg:gap-12\">\n        <div data-aos=\"fade-up\">\n          <img decoding=\"async\" class=\"rounded-xl shadow-lg w-full object-cover\" src=\"https:\/\/notreatoutcestmenou.fr\/wp-content\/uploads\/2025\/09\/Groupe-2.jpg\" alt=\"Photo de r\u00e9union de travail du collectif\" loading=\"lazy\">\n          <h3 class=\"mt-4 text-lg font-bold text-center\" style=\"color: var(--nacm-bleu-profond);\">R\u00e9flexions en groupe<\/h3>\n        <\/div>\n        <div data-aos=\"fade-up\" data-aos-delay=\"200\">\n          <img decoding=\"async\" class=\"rounded-xl shadow-lg w-full object-cover\" src=\"https:\/\/notreatoutcestmenou.fr\/wp-content\/uploads\/2025\/09\/Groupe-1.jpg\" alt=\"Membres du collectif en action\" loading=\"lazy\">\n          <h3 class=\"mt-4 text-lg font-bold text-center\" style=\"color: var(--nacm-bleu-profond);\">Engagement et actions concr\u00e8tes<\/h3>\n        <\/div>\n      <\/div>\n    <\/div>\n  <\/div>\n  \n  <!-- Section T\u00e9moignages -->\n  <div class=\"py-16 sm:py-24\" style=\"background-color: var(--nacm-bleu-profond);\">\n    <div class=\"max-w-7xl mx-auto px-4 sm:px-6 lg:px-8\">\n      <div class=\"text-center\" data-aos=\"fade-down\">\n        <h2 class=\"text-3xl font-extrabold text-white sm:text-4xl\">Des citoyens engag\u00e9s<\/h2>\n        <p class=\"mt-4 text-lg text-gray-300\">Ils font partie du collectif et partagent leur vision.<\/p>\n      <\/div>\n      \n      <!-- Carrousel Swiper -->\n      <div class=\"swiper-container nacm-testimonial-slider mt-12\" data-aos=\"fade-up\">\n        <div class=\"swiper-wrapper\">\n          <div class=\"swiper-slide\">\n            <div class=\"bg-white bg-opacity-10 p-8 rounded-xl text-center text-white h-full flex flex-col justify-between\">\n              <div>\n                <img decoding=\"async\" class=\"h-24 w-24 rounded-full mx-auto object-cover\" src=\"https:\/\/notreatoutcestmenou.fr\/wp-content\/uploads\/2025\/09\/Lucile-ROND-2.webp\" alt=\"Lucile Cousin\" loading=\"lazy\">\n                <blockquote class=\"mt-6 text-gray-200\">\n                  <p>\u00ab\u00a0N\u00e9e \u00e0 Sainte-Menehould , j&rsquo;ai \u00e9tudi\u00e9 et construit toute ma vie \u00e0 Sainte-Menehould.<br>J&rsquo;y appr\u00e9cie le calme et le charme de la ville, la for\u00eat, la nature et les gens. C&rsquo;est pourquoi je m&rsquo;engage pour que notre ville garde ses atouts et qu&rsquo;elle nous d\u00e9voile tout son potentiel.\u00a0\u00bb<\/p>\n                <\/blockquote>\n              <\/div>\n              <p class=\"mt-4 font-bold uppercase\">Lucile Cousin<\/p>\n            <\/div>\n          <\/div>\n          <div class=\"swiper-slide\">\n            <div class=\"bg-white bg-opacity-10 p-8 rounded-xl text-center text-white h-full flex flex-col justify-between\">\n              <div>\n                <img decoding=\"async\" class=\"h-24 w-24 rounded-full mx-auto object-cover\" src=\"https:\/\/notreatoutcestmenou.fr\/wp-content\/uploads\/2025\/09\/Copie-de-LOGO-Communiquer-plus-efficacement.png\" alt=\"J\u00e9r\u00e9my Del Bonta\" loading=\"lazy\">\n                <blockquote class=\"mt-6 text-gray-200\">\n                  <p>\u00ab\u00a0Sainte-Menehould m&rsquo;a s\u00e9duit par son cadre de vie et ses valeurs, qui rappellent ma ville d&rsquo;enfance. Loin de l&rsquo;agitation des grandes villes, j&rsquo;y appr\u00e9cie la nature, le sport et les activit\u00e9s simples. Je m&rsquo;engage pour que notre ville, forte de ses habitants et entrepreneurs, puisse se transformer et offrir un avenir \u00e0 la hauteur de son potentiel.\u00a0\u00bb<\/p>\n                <\/blockquote>\n              <\/div>\n              <p class=\"mt-4 font-bold uppercase\">J\u00e9r\u00e9my Del Bonta<\/p>\n            <\/div>\n          <\/div>\n          <div class=\"swiper-slide\">\n            <div class=\"bg-white bg-opacity-10 p-8 rounded-xl text-center text-white h-full flex flex-col justify-between\">\n              <div>\n                <img decoding=\"async\" class=\"h-24 w-24 rounded-full mx-auto object-cover\" src=\"https:\/\/notreatoutcestmenou.fr\/wp-content\/uploads\/2025\/09\/Lucile-ROND-1.png\" alt=\"C\u00e9drick Proix\" loading=\"lazy\">\n                <blockquote class=\"mt-6 text-gray-200\">\n                  <p>\u00ab\u00a0Amoureux de Sainte-Menehould, je m&rsquo;engage \u00e0 construire un avenir digne de son histoire et de ses habitants. Notre ville ne doit plus \u00eatre de passage, mais un lieu o\u00f9 l\u2019on s\u2019arr\u00eate, o\u00f9 l\u2019on reste,<br>o\u00f9 l\u2019on vit bien ! Je soutiens ce projet ambitieux pour redonner un second souffle \u00e0 MENOU. \u00ab\u00a0<\/p>\n                <\/blockquote>\n              <\/div>\n              <p class=\"mt-4 font-bold uppercase\">C\u00e9drick Proix<\/p>\n            <\/div>\n          <\/div>\n        <\/div>\n        <div class=\"swiper-button-next\"><\/div>\n        <div class=\"swiper-button-prev\"><\/div>\n      <\/div>\n      <div class=\"swiper-pagination relative mt-8\"><\/div>\n    <\/div>\n  <\/div>\n\n  <!-- Section Appel \u00e0 l'Action Final -->\n  <div class=\"bg-gray-50\">\n    <div class=\"max-w-7xl mx-auto py-12 px-4 sm:px-6 lg:py-16 lg:px-8 lg:flex lg:items-center lg:justify-between\">\n      <h2 class=\"text-3xl font-extrabold tracking-tight text-gray-900 sm:text-4xl\" data-aos=\"fade-right\">\n        <span class=\"block\" style=\"color: var(--nacm-bleu-profond);\">L&rsquo;aventure ne fait que commencer.<\/span>\n        <span class=\"block\" style=\"color: var(--nacm-bleu-ciel);\">Pr\u00eat \u00e0 nous rejoindre ?<\/span>\n      <\/h2>\n      <div class=\"mt-8 flex lg:mt-0 lg:flex-shrink-0\" data-aos=\"fade-left\">\n        <div class=\"inline-flex rounded-md shadow\">\n          <a href=\"https:\/\/notreatoutcestmenou.fr\/?page_id=11\" class=\"inline-flex items-center justify-center px-5 py-3 border border-transparent text-base font-medium rounded-md nacm-bouton-primaire\">\n            Nous contacter\n          <\/a>\n        <\/div>\n      <\/div>\n    <\/div>\n  <\/div>\n\n<\/div>\n\n<!-- Script d'initialisation du carrousel et des animations -->\n<script>\n  AOS.init({\n    duration: 800,\n    once: true,\n  });\n\n  if (!document.querySelector('.nacm-testimonial-slider').classList.contains('swiper-initialized')) {\n    var swiper = new Swiper('.nacm-testimonial-slider', {\n      loop: true,\n      slidesPerView: 1,\n      spaceBetween: 30,\n      breakpoints: {\n        768: { slidesPerView: 2, spaceBetween: 30 },\n        1024: { slidesPerView: 3, spaceBetween: 30 }\n      },\n      pagination: { el: '.swiper-pagination', clickable: true },\n      navigation: { nextEl: '.swiper-button-next', prevEl: '.swiper-button-prev' },\n    });\n  }\n<\/script>\n","protected":false},"excerpt":{"rendered":"<p>Notre Atout C&rsquo;est Menou ! Le Collectif Citoyen Des citoyens comme vous, engag\u00e9s pour Menou, se r\u00e9unissent pour pr\u00e9parer l&rsquo;avenir de notre ville avec une conviction : Il se construira avec tous ceux qui y vivent. R\u00e9gis PIOT L&rsquo;\u00e9quipe municipale Le Programme 8 piliers pour notre projet commun Des axes de travail clairs, n\u00e9s de&hellip;&nbsp;<\/p>\n","protected":false},"author":1,"featured_media":0,"parent":0,"menu_order":0,"comment_status":"closed","ping_status":"closed","template":"","meta":{"neve_meta_sidebar":"","neve_meta_container":"","neve_meta_enable_content_width":"","neve_meta_content_width":0,"neve_meta_title_alignment":"","neve_meta_author_avatar":"","neve_post_elements_order":"","neve_meta_disable_header":"","neve_meta_disable_footer":"","neve_meta_disable_title":"","footnotes":""},"class_list":["post-252","page","type-page","status-publish","hentry"],"_links":{"self":[{"href":"https:\/\/notreatoutcestmenou.fr\/index.php?rest_route=\/wp\/v2\/pages\/252","targetHints":{"allow":["GET"]}}],"collection":[{"href":"https:\/\/notreatoutcestmenou.fr\/index.php?rest_route=\/wp\/v2\/pages"}],"about":[{"href":"https:\/\/notreatoutcestmenou.fr\/index.php?rest_route=\/wp\/v2\/types\/page"}],"author":[{"embeddable":true,"href":"https:\/\/notreatoutcestmenou.fr\/index.php?rest_route=\/wp\/v2\/users\/1"}],"replies":[{"embeddable":true,"href":"https:\/\/notreatoutcestmenou.fr\/index.php?rest_route=%2Fwp%2Fv2%2Fcomments&post=252"}],"version-history":[{"count":17,"href":"https:\/\/notreatoutcestmenou.fr\/index.php?rest_route=\/wp\/v2\/pages\/252\/revisions"}],"predecessor-version":[{"id":723,"href":"https:\/\/notreatoutcestmenou.fr\/index.php?rest_route=\/wp\/v2\/pages\/252\/revisions\/723"}],"wp:attachment":[{"href":"https:\/\/notreatoutcestmenou.fr\/index.php?rest_route=%2Fwp%2Fv2%2Fmedia&parent=252"}],"curies":[{"name":"wp","href":"https:\/\/api.w.org\/{rel}","templated":true}]}}