{"id":413,"date":"2026-02-04T09:35:48","date_gmt":"2026-02-04T09:35:48","guid":{"rendered":"https:\/\/notreatoutcestmenou.fr\/?page_id=413"},"modified":"2026-03-13T11:46:36","modified_gmt":"2026-03-13T11:46:36","slug":"lequipe","status":"publish","type":"page","link":"https:\/\/notreatoutcestmenou.fr\/?page_id=413","title":{"rendered":"Notre Atout C&rsquo;est Menou &#8211; L&rsquo;\u00e9quipe de campagne"},"content":{"rendered":"\n<!-- ==========================================\n     HACK OPEN GRAPH (Tentative de for\u00e7age dans le body)\n     Injection sp\u00e9cifique pour la page Calendrier \/ \u00c9quipe.\n=========================================== -->\n<meta property=\"og:title\" content=\"D\u00e9couvrez notre \u00e9quipe - Notre Atout C'est Menou\" \/>\n<meta property=\"og:description\" content=\"Chaque jour, un nouveau membre de l'\u00e9quipe est d\u00e9voil\u00e9. D\u00e9couvrez les citoyens engag\u00e9s pour l'avenir de Sainte-Menehould.\" \/>\n<meta property=\"og:image\" content=\"https:\/\/notreatoutcestmenou.fr\/wp-content\/uploads\/2025\/09\/LOGO-NACM-rond-scaled.png\" \/>\n<meta property=\"og:image:secure_url\" content=\"https:\/\/notreatoutcestmenou.fr\/wp-content\/uploads\/2025\/09\/LOGO-NACM-rond-scaled.png\" \/>\n<meta property=\"og:image:width\" content=\"1200\" \/>\n<meta property=\"og:image:height\" content=\"630\" \/>\n<meta property=\"og:type\" content=\"website\" \/>\n\n<!-- ==========================================\n     BLOC NACM : CALENDRIER DE L'AVENT (V4 - Dates Manuelles)\n     ========================================= -->\n\n<!-- 1. D\u00c9PENDANCES -->\n<link href=\"https:\/\/fonts.googleapis.com\/css2?family=Montserrat:wght@400;600;700;800&#038;display=swap\" rel=\"stylesheet\">\n<script src=\"https:\/\/cdn.tailwindcss.com\"><\/script>\n\n<!-- 2. STYLES ENCAPSUL\u00c9S -->\n<style>\n    .nacm-avent-v4 {\n        font-family: 'Montserrat', sans-serif;\n    --nacm-bleu-profond: #0c6aa7;\n\n    }\n\n    \/* Carte de base *\/\n    .nacm-avent-v4 .card-colistier {\n        transition: all 0.4s cubic-bezier(0.4, 0, 0.2, 1);\n        position: relative;\n        overflow: hidden;\n        background: white;\n        display: flex;\n        flex-direction: column;\n        align-items: center;\n        justify-content: center;\n        text-decoration: none;\n    }\n\n    \/* \u00c9tat d\u00e9bloqu\u00e9 *\/\n    .nacm-avent-v4 .card-colistier.unlocked {\n        border: 1px solid #e2e8f0;\n    }\n    .nacm-avent-v4 .card-colistier.unlocked:hover {\n        transform: translateY(-5px);\n        box-shadow: 0 15px 30px -5px rgba(0, 0, 0, 0.1);\n        border-color: #3b82f6;\n    }\n\n    \/* \u00c9tat bloqu\u00e9 *\/\n    .nacm-avent-v4 .card-colistier.locked {\n        background: repeating-linear-gradient(\n            45deg,\n            #f8fafc,\n            #f8fafc 10px,\n            #f1f5f9 10px,\n            #f1f5f9 20px\n        );\n        border: 1px dashed #cbd5e1;\n        cursor: not-allowed;\n    }\n\n    .nacm-date-badge {\n        position: absolute;\n        top: 0;\n        right: 0;\n        padding: 4px 12px;\n        font-size: 0.75rem;\n        font-weight: 700;\n        border-bottom-left-radius: 12px;\n        z-index: 20;\n    }\n    .badge-unlocked { background-color: #eff6ff; color: #2563eb; }\n    .badge-locked { background-color: #e2e8f0; color: #64748b; }\n\n    .nacm-photo-rond {\n        width: 3.5rem;\n        height: 3.5rem;\n        border-radius: 9999px;\n        object-fit: cover;\n        border: 2px solid #e2e8f0;\n        box-shadow: 0 2px 4px rgba(0,0,0,0.1);\n    }\n\n    @keyframes nacmPop {\n        0% { opacity: 0; transform: scale(0.95); }\n        100% { opacity: 1; transform: scale(1); }\n    }\n    .nacm-animate-pop { animation: nacmPop 0.5s ease-out forwards; }\n<\/style>\n\n<!-- 3. CONTENEUR PRINCIPAL -->\n<div class=\"nacm-avent-v4 w-full max-w-7xl mx-auto my-8 px-4\">\n    <header class=\"text-center mb-10\">\n        <h1 class=\"text-4xl sm:text-5xl font-extrabold mb-4\" style=\"color: var(--nacm-bleu-profond);\">\n            D\u00e9couvrez notre \u00e9quipe        \n        <\/h1>\n        <p class=\"text-slate-600 max-w-2xl mx-auto\">\n            Chaque jour, un nouveau membre de l&rsquo;\u00e9quipe est d\u00e9voil\u00e9.\n        <\/p>\n    <\/header>\n\n    <div id=\"nacm-calendar-grid\" class=\"grid grid-cols-2 sm:grid-cols-3 md:grid-cols-4 lg:grid-cols-5 gap-4\">\n        <!-- G\u00e9n\u00e9r\u00e9 par JS -->\n    <\/div>\n<\/div>\n\n<!-- 4. LOGIQUE JAVASCRIPT -->\n<script>\n(function() {\n    \/\/ =========================================================================\n    \/\/ CONFIGURATION MANUELLE DES DATES (CORRIG\u00c9E EN HTTPS STRICT)\n    \/\/ =========================================================================\n\n    const femmes = [\n        { date: \"03\/02\/2026\", prenom: \"Lucile\", nom: \"COUSIN\", link: \"https:\/\/notreatoutcestmenou.fr\/?page_id=409\", photo: \"https:\/\/notreatoutcestmenou.fr\/wp-content\/uploads\/2026\/02\/photo2-1.webp\" },\n        { date: \"05\/02\/2026\", prenom: \"Coline\", nom: \"DIEUDONN\u00c9\", link: \"https:\/\/notreatoutcestmenou.fr\/?page_id=435\", photo: \"https:\/\/notreatoutcestmenou.fr\/wp-content\/uploads\/2026\/02\/PXL_20260202_190855242.PORTRAIT.jpg\" },\n        { date: \"07\/02\/2026\", prenom: \"Fabienne\", nom: \"ROBERT\", link: \"https:\/\/notreatoutcestmenou.fr\/?page_id=456\", photo: \"https:\/\/notreatoutcestmenou.fr\/wp-content\/uploads\/2026\/02\/WhatsApp-Image-2026-02-05-at-21.51.54-2.webp\" },\n        { date: \"09\/02\/2026\", prenom: \"Annick\", nom: \"FORTIN\", link: \"https:\/\/notreatoutcestmenou.fr\/?page_id=487\", photo: \"https:\/\/notreatoutcestmenou.fr\/wp-content\/uploads\/2026\/02\/WhatsApp-Image-2026-02-02-at-21.42.01.webp\" },\n        { date: \"11\/02\/2026\", prenom: \"Annie\", nom: \"VALLET\", link: \"https:\/\/notreatoutcestmenou.fr\/?page_id=490\", photo: \"https:\/\/notreatoutcestmenou.fr\/wp-content\/uploads\/2026\/02\/PXL_20260202_191804189.PORTRAIT.jpg\" },\n        { date: \"13\/02\/2026\", prenom: \"Cindy\", nom: \"JACQUEMIN\", link: \"https:\/\/notreatoutcestmenou.fr\/?page_id=500\", photo: \"https:\/\/notreatoutcestmenou.fr\/wp-content\/uploads\/2026\/02\/IMG_6819.webp\" },\n        { date: \"15\/02\/2026\", prenom: \"Maryline\", nom: \"PICHELIN\", link: \"https:\/\/notreatoutcestmenou.fr\/?page_id=531\", photo: \"https:\/\/notreatoutcestmenou.fr\/wp-content\/uploads\/2026\/02\/WhatsApp-Image-2026-02-08-at-16.41.09.webp\" },\n        { date: \"17\/02\/2026\", prenom: \"Claudine\", nom: \"DUBOIS\", link: \"https:\/\/notreatoutcestmenou.fr\/?page_id=536\", photo: \"https:\/\/notreatoutcestmenou.fr\/wp-content\/uploads\/2026\/02\/PXL_20260202_190649540.PORTRAIT.jpg\" },\n        { date: \"19\/02\/2026\", prenom: \"Brigitte\", nom: \"CAQUOT\", link: \"https:\/\/notreatoutcestmenou.fr\/?page_id=541\", photo: \"https:\/\/notreatoutcestmenou.fr\/wp-content\/uploads\/2026\/02\/PXL_20260215_164431541.PORTRAIT.ORIGINAL.jpg\" },\n        { date: \"21\/02\/2026\", prenom: \"Pascale\", nom: \"DIEUDONN\u00c9\", link: \"https:\/\/notreatoutcestmenou.fr\/?page_id=556\", photo: \"https:\/\/notreatoutcestmenou.fr\/wp-content\/uploads\/2026\/02\/PXL_20260202_190726203.PORTRAIT.jpg\" },\n        { date: \"23\/02\/2026\", prenom: \"Alexandra\", nom: \"MBAKANI\", link: \"https:\/\/notreatoutcestmenou.fr\/?page_id=567\", photo: \"https:\/\/notreatoutcestmenou.fr\/wp-content\/uploads\/2026\/02\/12986.webp\" },\n        { date: \"25\/02\/2026\", prenom: \"Vinciane\", nom: \"BARBIER\", link: \"https:\/\/notreatoutcestmenou.fr\/?page_id=587\", photo: \"https:\/\/notreatoutcestmenou.fr\/wp-content\/uploads\/2026\/02\/PXL_20260209_113205746.PORTRAIT.jpg\" },\n        { date: \"27\/02\/2026\", prenom: \"Julie\", nom: \"MATHIOTTE\", link: \"https:\/\/notreatoutcestmenou.fr\/?page_id=602\", photo: \"https:\/\/notreatoutcestmenou.fr\/wp-content\/uploads\/2026\/02\/Menou26_02_0077-1.webp\" },\n        { date: \"01\/03\/2026\", prenom: \"Christine\", nom: \"PAILLARD\", link: \"https:\/\/notreatoutcestmenou.fr\/?page_id=610\", photo: \"https:\/\/notreatoutcestmenou.fr\/wp-content\/uploads\/2026\/02\/PXL_20260223_185450673.PORTRAIT.jpg\" }\n    ];\n\n    const hommes = [\n        { date: \"04\/02\/2026\", prenom: \"Max\", nom: \"BRIXON\", link: \"https:\/\/notreatoutcestmenou.fr\/?page_id=405\", photo: \"https:\/\/notreatoutcestmenou.fr\/wp-content\/uploads\/2026\/02\/002-BRIXON-Max.webp\" },\n        { date: \"06\/02\/2026\", prenom: \"Nicolas\", nom: \"HELLOCO\", link: \"https:\/\/notreatoutcestmenou.fr\/?page_id=441\", photo: \"https:\/\/notreatoutcestmenou.fr\/wp-content\/uploads\/2026\/02\/PXL_20260202_191142173.PORTRAIT.jpg\" },\n        { date: \"08\/02\/2026\", prenom: \"Sylvain\", nom: \"GUILLAUME\", link: \"https:\/\/notreatoutcestmenou.fr\/?page_id=461\", photo: \"https:\/\/notreatoutcestmenou.fr\/wp-content\/uploads\/2026\/02\/PhotoSG.webp\" },\n        { date: \"10\/02\/2026\", prenom: \"St\u00e9phane\", nom: \"DIDIER\", link: \"https:\/\/notreatoutcestmenou.fr\/?page_id=467\", photo: \"https:\/\/notreatoutcestmenou.fr\/wp-content\/uploads\/2026\/02\/Capture-decran-2026-02-05-181232.webp\" },\n        { date: \"12\/02\/2026\", prenom: \"St\u00e9phan\", nom: \"DALLE\", link: \"https:\/\/notreatoutcestmenou.fr\/?page_id=497\", photo: \"https:\/\/notreatoutcestmenou.fr\/wp-content\/uploads\/2026\/02\/PXL_20260202_190214191.PORTRAIT2.jpg\" },\n        { date: \"14\/02\/2026\", prenom: \"Thomas\", nom: \"BASINSKI\", link: \"https:\/\/notreatoutcestmenou.fr\/?page_id=450\", photo: \"https:\/\/notreatoutcestmenou.fr\/wp-content\/uploads\/2026\/02\/PXL_20260202_191605708.PORTRAIT.jpg\" },\n        { date: \"16\/02\/2026\", prenom: \"Claude\", nom: \"HEINEN\", link: \"https:\/\/notreatoutcestmenou.fr\/?page_id=507\", photo: \"https:\/\/notreatoutcestmenou.fr\/wp-content\/uploads\/2026\/02\/PXL_20260202_190116549.PORTRAIT.jpg\" },\n        { date: \"18\/02\/2026\", prenom: \"J\u00e9r\u00e9my\", nom: \"DEL BONTA\", link: \"https:\/\/notreatoutcestmenou.fr\/?page_id=512\", photo: \"https:\/\/notreatoutcestmenou.fr\/wp-content\/uploads\/2026\/02\/Teams-Photo.webp\" },\n        { date: \"20\/02\/2026\", prenom: \"C\u00e9drick\", nom: \"PROIX\", link: \"https:\/\/notreatoutcestmenou.fr\/?page_id=546\", photo: \"https:\/\/notreatoutcestmenou.fr\/wp-content\/uploads\/2026\/02\/Cedrick-PROIX.webp\" },\n        \n        { date: \"22\/02\/2026\", prenom: \"Jean-Yves\", nom: \"GASCARD\", link: \"https:\/\/notreatoutcestmenou.fr\/?page_id=550\", photo: \"https:\/\/notreatoutcestmenou.fr\/wp-content\/uploads\/2026\/02\/PXL_20260202_191032373.PORTRAIT.jpg\" },\n        { date: \"24\/02\/2026\", prenom: \"Philippe\", nom: \"OLINGER\", link: \"https:\/\/notreatoutcestmenou.fr\/?page_id=562\", photo: \"https:\/\/notreatoutcestmenou.fr\/wp-content\/uploads\/2026\/02\/IMG_5166.webp\" },\n        { date: \"26\/02\/2026\", prenom: \"Victor\", nom: \"HELLOCO\", link: \"https:\/\/notreatoutcestmenou.fr\/?page_id=591\", photo: \"https:\/\/notreatoutcestmenou.fr\/wp-content\/uploads\/2026\/02\/IMG_3171-1-scaled.webp\" },\n        { date: \"28\/02\/2026\", prenom: \"Didier\", nom: \"HENNEBERG\", link: \"https:\/\/notreatoutcestmenou.fr\/?page_id=597\", photo: \"https:\/\/notreatoutcestmenou.fr\/wp-content\/uploads\/2026\/02\/Menou26_02_0075-EDIT.webp\" },\n        { date: \"02\/03\/2026\", prenom: \"Bernard\", nom: \"LANFROY\", link: \"https:\/\/notreatoutcestmenou.fr\/?page_id=617\", photo: \"https:\/\/notreatoutcestmenou.fr\/wp-content\/uploads\/2026\/02\/PXL_20260223_185259624.PORTRAIT.jpg\" }\n    ];\n\n    \/\/ =========================================================================\n\n    \/\/ Fonction utilitaire pour convertir \"JJ\/MM\/AAAA\" en objet Date\n    function parseDateFR(dateStr) {\n        if(!dateStr) return new Date(2099, 0, 1); \/\/ Date lointaine par d\u00e9faut\n        const [jour, mois, annee] = dateStr.split('\/');\n        return new Date(annee, mois - 1, jour);\n    }\n\n    \/\/ Fusion et identification du genre\n    let equipe = [];\n    femmes.forEach(p => equipe.push({ ...p, genre: 'F' }));\n    hommes.forEach(p => equipe.push({ ...p, genre: 'H' }));\n\n    \/\/ TRI PAR DATE (Chronologique)\n    equipe.sort((a, b) => parseDateFR(a.date) - parseDateFR(b.date));\n\n    const container = document.getElementById('nacm-calendar-grid');\n    const today = new Date();\n    today.setHours(0,0,0,0);\n\n    const dateFormatter = new Intl.DateTimeFormat('fr-FR', { day: 'numeric', month: 'short' });\n\n    equipe.forEach((colistier, index) => {\n        const revealDate = parseDateFR(colistier.date);\n        \n        \/\/ Comparaison dates\n        const checkDate = new Date(revealDate);\n        checkDate.setHours(0,0,0,0);\n\n        const isUnlocked = today >= checkDate;\n        const dateAffiche = dateFormatter.format(revealDate);\n\n        \/\/ \u00c9l\u00e9ment HTML\n        const tagName = (isUnlocked && colistier.link) ? 'a' : 'div';\n        const card = document.createElement(tagName);\n        \n        card.className = `card-colistier h-40 rounded-xl p-2 nacm-animate-pop ${isUnlocked ? 'unlocked' : 'locked select-none'}`;\n        card.style.animationDelay = `${index * 30}ms`;\n        \n        if (isUnlocked && colistier.link) {\n            card.href = colistier.link;\n        }\n\n        if (isUnlocked) {\n            \/\/ D\u00c9VOIL\u00c9\n            let visualContent;\n            if (colistier.photo && colistier.photo.trim() !== \"\") {\n                \/\/ OPTIMISATION : Ajout de loading=\"lazy\" pour les performances\n                visualContent = `<img decoding=\"async\" src=\"${colistier.photo}\" alt=\"${colistier.prenom} ${colistier.nom}\" class=\"nacm-photo-rond mb-2\" loading=\"lazy\">`;\n            } else {\n                visualContent = `<div class=\"mb-2\">${getAvatar(colistier.genre)}<\/div>`;\n            }\n\n            card.innerHTML = `\n                <div class=\"nacm-date-badge badge-unlocked\">${dateAffiche}<\/div>\n                ${visualContent}\n                <h3 class=\"text-sm font-bold text-slate-800 leading-tight text-center\">\n                    ${colistier.prenom}\n                <\/h3>\n                <h3 class=\"text-xs font-bold text-blue-600 uppercase leading-tight text-center\">\n                    ${colistier.nom.toUpperCase()}\n                <\/h3>\n            `;\n        } else {\n            \/\/ MYST\u00c8RE\n            card.innerHTML = `\n                <div class=\"nacm-date-badge badge-locked\">${dateAffiche}<\/div>\n                <div class=\"flex flex-col items-center justify-center opacity-40\">\n                    <svg class=\"w-8 h-8 text-slate-400 mb-1\" fill=\"none\" stroke=\"currentColor\" viewBox=\"0 0 24 24\">\n                        <path stroke-linecap=\"round\" stroke-linejoin=\"round\" stroke-width=\"2\" d=\"M12 15v2m-6 4h12a2 2 0 002-2v-6a2 2 0 00-2-2H6a2 2 0 00-2 2v6a2 2 0 002 2zm10-10V7a4 4 0 00-8 0v4h8z\"><\/path>\n                    <\/svg>\n                    <span class=\"text-xs font-semibold text-slate-500\">Bient\u00f4t<\/span>\n                <\/div>\n            `;\n        }\n        container.appendChild(card);\n    });\n\n    function getAvatar(genre) {\n        if (genre === 'F') {\n            return `<svg class=\"w-10 h-10 text-pink-500 bg-pink-50 rounded-full p-1.5\" fill=\"none\" stroke=\"currentColor\" viewBox=\"0 0 24 24\"><path stroke-linecap=\"round\" stroke-linejoin=\"round\" stroke-width=\"1.5\" d=\"M16 7a4 4 0 11-8 0 4 4 0 018 0zM12 14a7 7 0 00-7 7h14a7 7 0 00-7-7z\"><\/path><\/svg>`;\n        }\n        return `<svg class=\"w-10 h-10 text-blue-600 bg-blue-50 rounded-full p-1.5\" fill=\"none\" stroke=\"currentColor\" viewBox=\"0 0 24 24\"><path stroke-linecap=\"round\" stroke-linejoin=\"round\" stroke-width=\"1.5\" d=\"M16 7a4 4 0 11-8 0 4 4 0 018 0zM12 14a7 7 0 00-7 7h14a7 7 0 00-7-7z\"><\/path><\/svg>`;\n    }\n\n})();\n<\/script>\n","protected":false},"excerpt":{"rendered":"<p>D\u00e9couvrez notre \u00e9quipe Chaque jour, un nouveau membre de l&rsquo;\u00e9quipe est d\u00e9voil\u00e9.<\/p>\n","protected":false},"author":1,"featured_media":0,"parent":0,"menu_order":0,"comment_status":"closed","ping_status":"closed","template":"","meta":{"neve_meta_sidebar":"","neve_meta_container":"","neve_meta_enable_content_width":"","neve_meta_content_width":0,"neve_meta_title_alignment":"","neve_meta_author_avatar":"","neve_post_elements_order":"","neve_meta_disable_header":"","neve_meta_disable_footer":"","neve_meta_disable_title":"","footnotes":""},"class_list":["post-413","page","type-page","status-publish","hentry"],"_links":{"self":[{"href":"https:\/\/notreatoutcestmenou.fr\/index.php?rest_route=\/wp\/v2\/pages\/413","targetHints":{"allow":["GET"]}}],"collection":[{"href":"https:\/\/notreatoutcestmenou.fr\/index.php?rest_route=\/wp\/v2\/pages"}],"about":[{"href":"https:\/\/notreatoutcestmenou.fr\/index.php?rest_route=\/wp\/v2\/types\/page"}],"author":[{"embeddable":true,"href":"https:\/\/notreatoutcestmenou.fr\/index.php?rest_route=\/wp\/v2\/users\/1"}],"replies":[{"embeddable":true,"href":"https:\/\/notreatoutcestmenou.fr\/index.php?rest_route=%2Fwp%2Fv2%2Fcomments&post=413"}],"version-history":[{"count":42,"href":"https:\/\/notreatoutcestmenou.fr\/index.php?rest_route=\/wp\/v2\/pages\/413\/revisions"}],"predecessor-version":[{"id":687,"href":"https:\/\/notreatoutcestmenou.fr\/index.php?rest_route=\/wp\/v2\/pages\/413\/revisions\/687"}],"wp:attachment":[{"href":"https:\/\/notreatoutcestmenou.fr\/index.php?rest_route=%2Fwp%2Fv2%2Fmedia&parent=413"}],"curies":[{"name":"wp","href":"https:\/\/api.w.org\/{rel}","templated":true}]}}